{"id":167,"date":"2026-02-28T15:53:20","date_gmt":"2026-02-28T15:53:20","guid":{"rendered":"https:\/\/puotilankartanonteatteri.fi\/?page_id=167"},"modified":"2026-04-23T06:32:16","modified_gmt":"2026-04-23T06:32:16","slug":"uusi-sivu","status":"publish","type":"page","link":"https:\/\/puotilankartanonteatteri.fi\/","title":{"rendered":"Etusivu"},"content":{"rendered":"\n<hr class=\"wp-block-separator has-alpha-channel-opacity\"\/>\n\n\n<div class=\"n2_clear\"><ss3-force-full-width data-overflow-x=\"body\" data-horizontal-selector=\"body\"><div class=\"n2-section-smartslider fitvidsignore  n2_clear\" data-ssid=\"1\" tabindex=\"0\" role=\"region\" aria-label=\"Slider\"><div id=\"n2-ss-1-align\" class=\"n2-ss-align\"><div class=\"n2-padding\"><div id=\"n2-ss-1\" data-creator=\"Smart Slider 3\" data-responsive=\"fullwidth\" class=\"n2-ss-slider n2-ow n2-has-hover n2notransition  \">\n\n\n\n<div class=\"n2-ss-slider-wrapper-inside\">\n        <div class=\"n2-ss-slider-1 n2_ss__touch_element n2-ow\">\n            <div class=\"n2-ss-slider-2 n2-ow\">\n                                                <div class=\"n2-ss-slider-3 n2-ow\">\n\n                    <div class=\"n2-ss-slide-backgrounds n2-ow-all\"><div class=\"n2-ss-slide-background\" data-public-id=\"1\" data-mode=\"fit\"><div class=\"n2-ss-slide-background-image\" data-blur=\"0\" data-opacity=\"100\" data-x=\"50\" data-y=\"50\" data-alt=\"\" data-title=\"\"><picture class=\"skip-lazy\" data-skip-lazy=\"1\"><img decoding=\"async\" src=\"\/\/puotilankartanonteatteri.fi\/wp-content\/uploads\/2026\/02\/banner2p-scaled.jpg\" alt=\"\" title=\"\" loading=\"lazy\" class=\"skip-lazy\" data-skip-lazy=\"1\"><\/picture><\/div><div data-color=\"RGBA(255,255,255,0)\" style=\"background-color: RGBA(255,255,255,0);\" class=\"n2-ss-slide-background-color\"><\/div><\/div><div class=\"n2-ss-slide-background\" data-public-id=\"2\" data-mode=\"fit\" aria-hidden=\"true\"><div class=\"n2-ss-slide-background-image\" data-blur=\"0\" data-opacity=\"100\" data-x=\"50\" data-y=\"50\" data-alt=\"\" data-title=\"\"><picture class=\"skip-lazy\" data-skip-lazy=\"1\"><img decoding=\"async\" src=\"\/\/puotilankartanonteatteri.fi\/wp-content\/uploads\/2026\/02\/leijban1-2.png\" alt=\"\" title=\"\" loading=\"lazy\" class=\"skip-lazy\" data-skip-lazy=\"1\"><\/picture><\/div><div data-color=\"RGBA(255,255,255,0)\" style=\"background-color: RGBA(255,255,255,0);\" class=\"n2-ss-slide-background-color\"><\/div><\/div><\/div>                    <div class=\"n2-ss-slider-4 n2-ow\">\n                        <svg xmlns=\"http:\/\/www.w3.org\/2000\/svg\" viewBox=\"0 0 1200 600\" data-related-device=\"desktopPortrait\" class=\"n2-ow n2-ss-preserve-size n2-ss-preserve-size--slider n2-ss-slide-limiter\"><\/svg><div data-first=\"1\" data-slide-duration=\"0\" data-id=\"1\" data-slide-public-id=\"1\" data-title=\"Slide Background\" class=\"n2-ss-slide n2-ow  n2-ss-slide-1\"><div role=\"note\" class=\"n2-ss-slide--focus\" tabindex=\"-1\">Slide Background<\/div><div class=\"n2-ss-layers-container n2-ss-slide-limiter n2-ow\"><div class=\"n2-ss-layer n2-ow n-uc-P1HBvCFtUbwf\" data-sstype=\"slide\" data-pm=\"default\"><div class=\"n2-ss-layer n2-ow n-uc-IbNOabpfT5aE\" data-pm=\"default\" data-sstype=\"content\" data-hasbackground=\"0\"><div class=\"n2-ss-section-main-content n2-ss-layer-with-background n2-ss-layer-content n2-ow n-uc-IbNOabpfT5aE-inner\"><div class=\"n2-ss-layer n2-ow n2-ss-layer--block n2-ss-has-self-align n-uc-dtwtw9DVCwgQ\" data-pm=\"normal\" data-sstype=\"row\"><div class=\"n2-ss-layer-row n2-ss-layer-with-background n-uc-dtwtw9DVCwgQ-inner\"><div class=\"n2-ss-layer-row-inner \"><div class=\"n2-ss-layer n2-ow n-uc-Fjvyu081qJeK\" data-pm=\"default\" data-sstype=\"col\"><div class=\"n2-ss-layer-col n2-ss-layer-with-background n2-ss-layer-content n-uc-Fjvyu081qJeK-inner\"><\/div><\/div><div class=\"n2-ss-layer n2-ow n-uc-LnImbm1HgUAv\" data-pm=\"default\" data-sstype=\"col\"><div class=\"n2-ss-layer-col n2-ss-layer-with-background n2-ss-layer-content n-uc-LnImbm1HgUAv-inner\"><\/div><\/div><\/div><\/div><\/div><\/div><\/div><\/div><\/div><\/div><div data-slide-duration=\"0\" data-id=\"3\" data-slide-public-id=\"2\" aria-hidden=\"true\" data-title=\"Slide\" class=\"n2-ss-slide n2-ow  n2-ss-slide-3\"><div role=\"note\" class=\"n2-ss-slide--focus\" tabindex=\"-1\">Slide<\/div><div class=\"n2-ss-layers-container n2-ss-slide-limiter n2-ow\"><div class=\"n2-ss-layer n2-ow n-uc-whCVp09PFs8z\" data-sstype=\"slide\" data-pm=\"default\"><div class=\"n2-ss-layer n2-ow n-uc-uRceLnJX48oe\" data-pm=\"default\" data-sstype=\"content\" data-hasbackground=\"0\"><div class=\"n2-ss-section-main-content n2-ss-layer-with-background n2-ss-layer-content n2-ow n-uc-uRceLnJX48oe-inner\"><div class=\"n2-ss-layer n2-ow n2-ss-layer--block n2-ss-has-self-align n-uc-196473e684834\" data-pm=\"normal\" data-sstype=\"row\"><div class=\"n2-ss-layer-row n2-ss-layer-with-background n-uc-196473e684834-inner\"><div class=\"n2-ss-layer-row-inner \"><div class=\"n2-ss-layer n2-ow n-uc-17ff62c1fb4cf\" data-pm=\"default\" data-sstype=\"col\"><div class=\"n2-ss-layer-col n2-ss-layer-with-background n2-ss-layer-content n-uc-17ff62c1fb4cf-inner\"><\/div><\/div><div class=\"n2-ss-layer n2-ow n-uc-1264685c65185\" data-pm=\"default\" data-sstype=\"col\"><div class=\"n2-ss-layer-col n2-ss-layer-with-background n2-ss-layer-content n-uc-1264685c65185-inner\"><\/div><\/div><\/div><\/div><\/div><\/div><\/div><\/div><\/div><\/div>                    <\/div>\n\n                                    <\/div>\n            <\/div>\n        <\/div>\n        <div class=\"n2-ss-slider-controls n2-ss-slider-controls-absolute-center-bottom\"><div style=\"--widget-offset:5px;\" class=\"n2-ss-widget n2-ss-control-bullet n2-ow-all n2-ss-control-bullet-horizontal\"><div class=\" nextend-bullet-bar n2-bar-justify-content-center\" role=\"group\" aria-label=\"Choose slide to display.\"><div class=\"n2-bullet n2-style-37b83350d88fb82e7ea26e8ad7887167-dot \" style=\"visibility:hidden;\"><\/div><\/div><\/div><\/div><\/div><\/div><ss3-loader><\/ss3-loader><\/div><\/div><div class=\"n2_clear\"><\/div><\/div><\/ss3-force-full-width><\/div>\n\n\n<figure class=\"wp-block-gallery alignwide has-nested-images columns-4 is-cropped wp-block-gallery-1 is-layout-flex wp-block-gallery-is-layout-flex\">\n<figure class=\"wp-block-image size-large\"><a href=\"https:\/\/puotilankartanonteatteri.fi\/?page_id=173\"><img loading=\"lazy\" decoding=\"async\" width=\"1024\" height=\"1009\" data-id=\"185\" src=\"https:\/\/puotilankartanonteatteri.fi\/wp-content\/uploads\/2026\/02\/ohjelmisto-1024x1009.jpg\" alt=\"\" class=\"wp-image-185\" srcset=\"https:\/\/puotilankartanonteatteri.fi\/wp-content\/uploads\/2026\/02\/ohjelmisto-1024x1009.jpg 1024w, https:\/\/puotilankartanonteatteri.fi\/wp-content\/uploads\/2026\/02\/ohjelmisto-300x295.jpg 300w, https:\/\/puotilankartanonteatteri.fi\/wp-content\/uploads\/2026\/02\/ohjelmisto-768x756.jpg 768w, https:\/\/puotilankartanonteatteri.fi\/wp-content\/uploads\/2026\/02\/ohjelmisto-1536x1513.jpg 1536w, https:\/\/puotilankartanonteatteri.fi\/wp-content\/uploads\/2026\/02\/ohjelmisto.jpg 1858w\" sizes=\"auto, (max-width: 1024px) 100vw, 1024px\" \/><\/a><\/figure>\n\n\n\n<figure class=\"wp-block-image size-large\"><a href=\"https:\/\/puotilankartanonteatteri.fi\/?page_id=351\"><img loading=\"lazy\" decoding=\"async\" width=\"1024\" height=\"1009\" data-id=\"98\" src=\"https:\/\/puotilankartanonteatteri.fi\/wp-content\/uploads\/2026\/01\/kalenteri-1024x1009.jpg\" alt=\"\" class=\"wp-image-98\" srcset=\"https:\/\/puotilankartanonteatteri.fi\/wp-content\/uploads\/2026\/01\/kalenteri-1024x1009.jpg 1024w, https:\/\/puotilankartanonteatteri.fi\/wp-content\/uploads\/2026\/01\/kalenteri-300x295.jpg 300w, https:\/\/puotilankartanonteatteri.fi\/wp-content\/uploads\/2026\/01\/kalenteri-768x756.jpg 768w, https:\/\/puotilankartanonteatteri.fi\/wp-content\/uploads\/2026\/01\/kalenteri-1536x1513.jpg 1536w, https:\/\/puotilankartanonteatteri.fi\/wp-content\/uploads\/2026\/01\/kalenteri.jpg 1858w\" sizes=\"auto, (max-width: 1024px) 100vw, 1024px\" \/><\/a><\/figure>\n\n\n\n<figure class=\"wp-block-image size-large\"><a href=\"https:\/\/puotilankartanonteatteri.fi\/?page_id=358\"><img loading=\"lazy\" decoding=\"async\" width=\"1024\" height=\"1009\" data-id=\"101\" src=\"https:\/\/puotilankartanonteatteri.fi\/wp-content\/uploads\/2026\/01\/liput-1024x1009.jpg\" alt=\"\" class=\"wp-image-101\" srcset=\"https:\/\/puotilankartanonteatteri.fi\/wp-content\/uploads\/2026\/01\/liput-1024x1009.jpg 1024w, https:\/\/puotilankartanonteatteri.fi\/wp-content\/uploads\/2026\/01\/liput-300x295.jpg 300w, https:\/\/puotilankartanonteatteri.fi\/wp-content\/uploads\/2026\/01\/liput-768x756.jpg 768w, https:\/\/puotilankartanonteatteri.fi\/wp-content\/uploads\/2026\/01\/liput-1536x1513.jpg 1536w, https:\/\/puotilankartanonteatteri.fi\/wp-content\/uploads\/2026\/01\/liput.jpg 1858w\" sizes=\"auto, (max-width: 1024px) 100vw, 1024px\" \/><\/a><\/figure>\n\n\n\n<figure class=\"wp-block-image size-large\"><a href=\"https:\/\/www.puotilankartano.fi\/\"><img loading=\"lazy\" decoding=\"async\" width=\"1024\" height=\"1009\" data-id=\"221\" src=\"https:\/\/puotilankartanonteatteri.fi\/wp-content\/uploads\/2026\/03\/tarjoilu2-1024x1009.jpg\" alt=\"\" class=\"wp-image-221\" srcset=\"https:\/\/puotilankartanonteatteri.fi\/wp-content\/uploads\/2026\/03\/tarjoilu2-1024x1009.jpg 1024w, https:\/\/puotilankartanonteatteri.fi\/wp-content\/uploads\/2026\/03\/tarjoilu2-300x295.jpg 300w, https:\/\/puotilankartanonteatteri.fi\/wp-content\/uploads\/2026\/03\/tarjoilu2-768x756.jpg 768w, https:\/\/puotilankartanonteatteri.fi\/wp-content\/uploads\/2026\/03\/tarjoilu2-1536x1513.jpg 1536w, https:\/\/puotilankartanonteatteri.fi\/wp-content\/uploads\/2026\/03\/tarjoilu2.jpg 1858w\" sizes=\"auto, (max-width: 1024px) 100vw, 1024px\" \/><\/a><\/figure>\n<\/figure>\n\n\n\n<h2 class=\"wp-block-heading\">Ajankohtaista<\/h2>\n\n\n\n<p>18.4.2026<\/p>\n\n\n\n<p>Vapputarjous 3.5 asti!<\/p>\n\n\n\n<p>Tarjoushintaiset liput saa varattua s\u00e4hk\u00f6postitse tai ostettua normaalisti lipunmyynnist\u00e4.<\/p>\n\n\n\n<hr class=\"wp-block-separator has-alpha-channel-opacity\"\/>\n\n\n\n<p>10.3.2026<\/p>\n\n\n\n<p>Voit nyt tukea meit\u00e4 mesenaattina!<\/p>\n\n\n\n<p><a href=\"https:\/\/mesenaatti.me\/4206\/_\/\">Ryhdy mesenaatiksi<\/a><\/p>\n\n\n\n<p><\/p>\n\n\n\n<p><\/p>\n\n\n\n<div style=\"background-color:#a9d2c9;padding:17px\" class=\"wp-block-tnp-minimal\"><p>Tilaa uutiskirje!<\/p><div><div class=\"tnp tnp-subscription-minimal  \"><form action=\"https:\/\/puotilankartanonteatteri.fi\/wp-admin\/admin-ajax.php?action=tnp&amp;na=s\" method=\"post\" style=\"text-align: center\"><input type=\"hidden\" name=\"nr\" value=\"minimal\">\n<input type=\"hidden\" name=\"nlang\" value=\"\">\n<input class=\"tnp-email\" type=\"email\" required name=\"ne\" value=\"\" placeholder=\"S\u00e4hk\u00f6posti\"><input class=\"tnp-submit\" type=\"submit\" value=\"Tilaa\" style=\"\">\n<\/form><\/div>\n<\/div><\/div>\n","protected":false},"excerpt":{"rendered":"<p>Ajankohtaista 18.4.2026 Vapputarjous 3.5 asti! Tarjoushintaiset liput saa varattua s\u00e4hk\u00f6postitse tai ostettua normaalisti lipunmyynnist\u00e4. 10.3.2026 Voit nyt tukea meit\u00e4 mesenaattina! Ryhdy mesenaatiksi<\/p>\n","protected":false},"author":1,"featured_media":0,"parent":0,"menu_order":0,"comment_status":"closed","ping_status":"closed","template":"page-no-title","meta":{"footnotes":""},"class_list":["post-167","page","type-page","status-publish","hentry"],"_links":{"self":[{"href":"https:\/\/puotilankartanonteatteri.fi\/index.php?rest_route=\/wp\/v2\/pages\/167","targetHints":{"allow":["GET"]}}],"collection":[{"href":"https:\/\/puotilankartanonteatteri.fi\/index.php?rest_route=\/wp\/v2\/pages"}],"about":[{"href":"https:\/\/puotilankartanonteatteri.fi\/index.php?rest_route=\/wp\/v2\/types\/page"}],"author":[{"embeddable":true,"href":"https:\/\/puotilankartanonteatteri.fi\/index.php?rest_route=\/wp\/v2\/users\/1"}],"replies":[{"embeddable":true,"href":"https:\/\/puotilankartanonteatteri.fi\/index.php?rest_route=%2Fwp%2Fv2%2Fcomments&post=167"}],"version-history":[{"count":38,"href":"https:\/\/puotilankartanonteatteri.fi\/index.php?rest_route=\/wp\/v2\/pages\/167\/revisions"}],"predecessor-version":[{"id":429,"href":"https:\/\/puotilankartanonteatteri.fi\/index.php?rest_route=\/wp\/v2\/pages\/167\/revisions\/429"}],"wp:attachment":[{"href":"https:\/\/puotilankartanonteatteri.fi\/index.php?rest_route=%2Fwp%2Fv2%2Fmedia&parent=167"}],"curies":[{"name":"wp","href":"https:\/\/api.w.org\/{rel}","templated":true}]}}