{"id":171,"date":"2026-02-28T13:12:50","date_gmt":"2026-02-28T13:12:50","guid":{"rendered":"https:\/\/puotilankartanonteatteri.fi\/?page_id=171"},"modified":"2026-03-18T09:32:30","modified_gmt":"2026-03-18T09:32:30","slug":"171-2","status":"publish","type":"page","link":"https:\/\/puotilankartanonteatteri.fi\/?page_id=171","title":{"rendered":""},"content":{"rendered":"\n<figure class=\"wp-block-image alignfull size-full\"><img loading=\"lazy\" decoding=\"async\" width=\"2560\" height=\"1152\" src=\"https:\/\/puotilankartanonteatteri.fi\/wp-content\/uploads\/2026\/02\/leijban1-2.png\" alt=\"\" class=\"wp-image-164\" srcset=\"https:\/\/puotilankartanonteatteri.fi\/wp-content\/uploads\/2026\/02\/leijban1-2.png 2560w, https:\/\/puotilankartanonteatteri.fi\/wp-content\/uploads\/2026\/02\/leijban1-2-300x135.png 300w, https:\/\/puotilankartanonteatteri.fi\/wp-content\/uploads\/2026\/02\/leijban1-2-1024x461.png 1024w, https:\/\/puotilankartanonteatteri.fi\/wp-content\/uploads\/2026\/02\/leijban1-2-768x346.png 768w, https:\/\/puotilankartanonteatteri.fi\/wp-content\/uploads\/2026\/02\/leijban1-2-1536x691.png 1536w, https:\/\/puotilankartanonteatteri.fi\/wp-content\/uploads\/2026\/02\/leijban1-2-2048x922.png 2048w\" sizes=\"auto, (max-width: 2560px) 100vw, 2560px\" \/><\/figure>\n\n\n\n<div class=\"wp-block-buttons is-content-justification-center is-layout-flex wp-container-core-buttons-is-layout-a89b3969 wp-block-buttons-is-layout-flex\">\n<div class=\"wp-block-button\"><a class=\"wp-block-button__link wp-element-button\" href=\"https:\/\/www.ticketmaster.fi\/search?q=leijonaduon+maaginen+kes%C3%A4show\">Osta lippuja<\/a><\/div>\n<\/div>\n\n\n\n<div class=\"wp-block-group alignwide is-vertical is-layout-flex wp-container-core-group-is-layout-fe9cc265 wp-block-group-is-layout-flex\">\n<p>LeijonaDuon maaginen kes\u00e4show on LeijonaDuo -lastenmusiikkib\u00e4ndin oma interaktiivinen musiikkiteatteriesitys. Esityksess\u00e4 yleis\u00f6 p\u00e4\u00e4see mukaan leikin, tanssin, musiikin sek\u00e4 taikuuden ja sirkuksen maailmaan.<\/p>\n\n\n\n<p>Matias- ja Silja-leijona ovat parhaat yst\u00e4vykset. P\u00e4iv\u00e4t t\u00e4yttyv\u00e4t leikist\u00e4 ja musisoinnista. Er\u00e4\u00e4n\u00e4 p\u00e4iv\u00e4n\u00e4 leikki johdattaa leijonakaverukset taikuuden maailmaan. Lelulaatikon sy\u00f6vereist\u00e4 otetaan esiin asiaankuuluvat lelut &#8211; taikurin hattu ja taikasauva. Leikkiin olisi mukava pyyt\u00e4\u00e4 mukaan my\u00f6s pihan Kraa-varis, mutta se taitaa olla taas kadoksissa. LeijonaDuon ja yleis\u00f6n yhteinen leikki johdattaa iloisen musiikin siivitt\u00e4m\u00e4n\u00e4 tutustumaan leikin ja sirkuksen maailmaan, samalla muistuttaen my\u00f6s aikuisyleis\u00f6\u00e4 &#8211; koskaan ei ole liian vanha leikkim\u00e4\u00e4n!<\/p>\n\n\n\n<p>Esitys osallistaa mukaan leikkiin, sek\u00e4 tanssiin ja lauluun. Esityksess\u00e4 kuullaan LeijonaDuon omaa musiikkia.<\/p>\n\n\n\n<p>LeijonaDuo on Matias Husgafvelin vuonna 2024 perustama kahden esiintyj\u00e4n lastenmusiikkib\u00e4ndi.<br>LeijonaDuon esiintymisi\u00e4 on voinut n\u00e4hd\u00e4 lukuisissa koko perheen tapahtumissa, Narinkkatorilla, taidefestareilla, p\u00e4iv\u00e4kodeissa, kauppakeskuksissa kuten Oulun ja Sein\u00e4joen Ideaparkeissa, Iso Omenassa sek\u00e4 Kaupunkikeskus Lippulaivassa.<br>LeijonaDuon esityksiss\u00e4 k\u00e4sitell\u00e4\u00e4n aiheita kuten erilaisuus, n\u00e4k\u00f6rajotteisuus, uuden j\u00e4nnitt\u00e4v\u00e4n asian kohtaaminen, sek\u00e4 koulupolun aloittaminen.<\/p>\n\n\n\n<p>_______<\/p>\n\n\n\n<p><strong>Ty\u00f6ryhm\u00e4:<\/strong><\/p>\n\n\n\n<p>K\u00e4sikirjoitus, ohjaus, musiikki sek\u00e4 esiintyj\u00e4t:<br>Matias Husgafvel ja Silja Silander<\/p>\n\n\n\n<p>LeijonaDuon asut: Paula Liikanen<\/p>\n\n\n\n<p>_______<\/p>\n\n\n\n<p><strong>Selaa esitysp\u00e4ivi\u00e4<\/strong><\/p>\n\n\n\n<p class=\"has-small-font-size\">Huom. T\u00e4ss\u00e4 valikossa n\u00e4kyv\u00e4t kaikki teatterimme esitykset.<\/p>\n\n\n<script\n  src=\"https:\/\/www.universe.com\/embed2.js\"\n  data-widget-type=\"universe-listings\"\n  data-target-type=\"user\"\n  data-target-id=\"699de3483af9a9002442ddfb\"\n  data-state=\"buttonColor=#3A66E5&#038;buttonText=Hanki lippuja\" >\n<\/script>\n\n\n<p><\/p>\n<\/div>\n\n\n\n<div class=\"wp-block-group alignwide is-nowrap is-layout-flex wp-container-core-group-is-layout-6c531013 wp-block-group-is-layout-flex\"><\/div>\n","protected":false},"excerpt":{"rendered":"<p>LeijonaDuon maaginen kes\u00e4show on LeijonaDuo -lastenmusiikkib\u00e4ndin oma interaktiivinen musiikkiteatteriesitys. Esityksess\u00e4 yleis\u00f6 p\u00e4\u00e4see mukaan leikin, tanssin, musiikin sek\u00e4 taikuuden ja sirkuksen maailmaan. Matias- ja Silja-leijona ovat parhaat yst\u00e4vykset. P\u00e4iv\u00e4t t\u00e4yttyv\u00e4t leikist\u00e4 ja musisoinnista. Er\u00e4\u00e4n\u00e4 p\u00e4iv\u00e4n\u00e4 leikki johdattaa leijonakaverukset taikuuden maailmaan. Lelulaatikon sy\u00f6vereist\u00e4 otetaan esiin asiaankuuluvat lelut &#8211; taikurin hattu ja taikasauva. Leikkiin olisi mukava pyyt\u00e4\u00e4 mukaan [&hellip;]<\/p>\n","protected":false},"author":1,"featured_media":0,"parent":0,"menu_order":0,"comment_status":"closed","ping_status":"closed","template":"","meta":{"footnotes":""},"class_list":["post-171","page","type-page","status-publish","hentry"],"_links":{"self":[{"href":"https:\/\/puotilankartanonteatteri.fi\/index.php?rest_route=\/wp\/v2\/pages\/171","targetHints":{"allow":["GET"]}}],"collection":[{"href":"https:\/\/puotilankartanonteatteri.fi\/index.php?rest_route=\/wp\/v2\/pages"}],"about":[{"href":"https:\/\/puotilankartanonteatteri.fi\/index.php?rest_route=\/wp\/v2\/types\/page"}],"author":[{"embeddable":true,"href":"https:\/\/puotilankartanonteatteri.fi\/index.php?rest_route=\/wp\/v2\/users\/1"}],"replies":[{"embeddable":true,"href":"https:\/\/puotilankartanonteatteri.fi\/index.php?rest_route=%2Fwp%2Fv2%2Fcomments&post=171"}],"version-history":[{"count":8,"href":"https:\/\/puotilankartanonteatteri.fi\/index.php?rest_route=\/wp\/v2\/pages\/171\/revisions"}],"predecessor-version":[{"id":382,"href":"https:\/\/puotilankartanonteatteri.fi\/index.php?rest_route=\/wp\/v2\/pages\/171\/revisions\/382"}],"wp:attachment":[{"href":"https:\/\/puotilankartanonteatteri.fi\/index.php?rest_route=%2Fwp%2Fv2%2Fmedia&parent=171"}],"curies":[{"name":"wp","href":"https:\/\/api.w.org\/{rel}","templated":true}]}}