{"id":305,"date":"2026-03-06T11:46:08","date_gmt":"2026-03-06T11:46:08","guid":{"rendered":"https:\/\/puotilankartanonteatteri.fi\/?page_id=305"},"modified":"2026-04-24T09:00:20","modified_gmt":"2026-04-24T09:00:20","slug":"liput-2","status":"publish","type":"page","link":"https:\/\/puotilankartanonteatteri.fi\/?page_id=305","title":{"rendered":"Liput ja hinnasto"},"content":{"rendered":"\n<p class=\"has-text-align-left\"><strong><em>Kaksi Puuta<\/em><\/strong><\/p>\n\n\n\n<p>Peruslippu 31,50\u20ac<\/p>\n\n\n\n<p>El\u00e4kel\u00e4inen 28\u20ac<\/p>\n\n\n\n<p>Opiskelija, ty\u00f6t\u00f6n, lapsi (alle 16v.) 21\u20ac<\/p>\n\n\n\n<p>Kannatuslippu 40\u20ac<\/p>\n\n\n\n<p>Alan lippu 15\u20ac (varaukset s\u00e4hk\u00f6postilla info@puotilankartanonteatteri.fi)<\/p>\n\n\n\n<div class=\"wp-block-buttons is-layout-flex wp-block-buttons-is-layout-flex\">\n<div class=\"wp-block-button\"><a class=\"wp-block-button__link wp-element-button\" href=\"https:\/\/www.ticketmaster.fi\/search?q=kaksi+puuta-musiikkin%C3%A4ytelm%C3%A4\">Osta lippuja<\/a><\/div>\n<\/div>\n\n\n\n<hr class=\"wp-block-separator has-alpha-channel-opacity\"\/>\n\n\n\n<p><strong><em>LeijonaDuon maaginen kes\u00e4show<\/em><\/strong><\/p>\n\n\n\n<p>Peruslippu 21\u20ac<\/p>\n\n\n\n<p>Perhelippu (2 aikuista &amp; 2 lasta) 60\u20ac<\/p>\n\n\n\n<p>Alan lippu 10\u20ac (varaukset s\u00e4hk\u00f6postilla info@puotilankartanonteatteri.fi)<\/p>\n\n\n\n<div class=\"wp-block-buttons is-layout-flex wp-block-buttons-is-layout-flex\">\n<div class=\"wp-block-button\"><a class=\"wp-block-button__link wp-element-button\" href=\"https:\/\/www.ticketmaster.fi\/search?q=leijonaduon+maaginen+kes%C3%A4show\">Osta lippuja<\/a><\/div>\n<\/div>\n\n\n\n<hr class=\"wp-block-separator has-alpha-channel-opacity\"\/>\n\n\n\n<p>Esitysten viralliset liput myy Universe by Ticketmaster<\/p>\n\n\n\n<ul class=\"wp-block-list\">\n<li>maksuvaihtoehtoina korttimaksu, mobilepay sek\u00e4 applepay<\/li>\n<\/ul>\n\n\n\n<p>Lippuja voit ostaa my\u00f6s s\u00e4hk\u00f6postitse <\/p>\n\n\n\n<p>info@puotilankartanonteatteri<\/p>\n\n\n\n<p>SEK\u00c4 puhelimitse ke-to klo. 12-15<\/p>\n\n\n\n<p>0401205308<\/p>\n\n\n\n<hr class=\"wp-block-separator has-alpha-channel-opacity\"\/>\n\n\n\n<p>Ryhm\u00e4myynti:<\/p>\n\n\n\n<p>Ryhm\u00e4hinta: 25\u20ac \/ hl\u00f6 (min 10hl\u00f6)<\/p>\n\n\n\n<p>Ryhm\u00e4myynnin puhelin palvelee tiistaisin klo 14.30-16.30<\/p>\n\n\n\n<p>Puh: +358458589191<\/p>\n\n\n\n<p>Muina aikoina s\u00e4hk\u00f6postitse info@puotilankartanonteatteri.fi<\/p>\n\n\n\n<p>Kysy hintaa yksityisn\u00e4yt\u00f6kselle (katsomokapasiteetti 180hl\u00f6)!<\/p>\n\n\n\n<hr class=\"wp-block-separator has-alpha-channel-opacity\"\/>\n\n\n\n<div class=\"wp-block-buttons is-layout-flex wp-block-buttons-is-layout-flex\">\n<div class=\"wp-block-button\"><a class=\"wp-block-button__link wp-element-button\" href=\"https:\/\/mesenaatti.me\/4206\/_\/\">Liity mesenaatiksi<\/a><\/div>\n<\/div>\n","protected":false},"excerpt":{"rendered":"<p>Kaksi Puuta Peruslippu 31,50\u20ac El\u00e4kel\u00e4inen 28\u20ac Opiskelija, ty\u00f6t\u00f6n, lapsi (alle 16v.) 21\u20ac Kannatuslippu 40\u20ac Alan lippu 15\u20ac (varaukset s\u00e4hk\u00f6postilla info@puotilankartanonteatteri.fi) LeijonaDuon maaginen kes\u00e4show Peruslippu 21\u20ac Perhelippu (2 aikuista &amp; 2 lasta) 60\u20ac Alan lippu 10\u20ac (varaukset s\u00e4hk\u00f6postilla info@puotilankartanonteatteri.fi) Esitysten viralliset liput myy Universe by Ticketmaster Lippuja voit ostaa my\u00f6s s\u00e4hk\u00f6postitse info@puotilankartanonteatteri SEK\u00c4 puhelimitse ke-to klo. [&hellip;]<\/p>\n","protected":false},"author":1,"featured_media":0,"parent":0,"menu_order":0,"comment_status":"closed","ping_status":"closed","template":"","meta":{"footnotes":""},"class_list":["post-305","page","type-page","status-publish","hentry"],"_links":{"self":[{"href":"https:\/\/puotilankartanonteatteri.fi\/index.php?rest_route=\/wp\/v2\/pages\/305","targetHints":{"allow":["GET"]}}],"collection":[{"href":"https:\/\/puotilankartanonteatteri.fi\/index.php?rest_route=\/wp\/v2\/pages"}],"about":[{"href":"https:\/\/puotilankartanonteatteri.fi\/index.php?rest_route=\/wp\/v2\/types\/page"}],"author":[{"embeddable":true,"href":"https:\/\/puotilankartanonteatteri.fi\/index.php?rest_route=\/wp\/v2\/users\/1"}],"replies":[{"embeddable":true,"href":"https:\/\/puotilankartanonteatteri.fi\/index.php?rest_route=%2Fwp%2Fv2%2Fcomments&post=305"}],"version-history":[{"count":12,"href":"https:\/\/puotilankartanonteatteri.fi\/index.php?rest_route=\/wp\/v2\/pages\/305\/revisions"}],"predecessor-version":[{"id":433,"href":"https:\/\/puotilankartanonteatteri.fi\/index.php?rest_route=\/wp\/v2\/pages\/305\/revisions\/433"}],"wp:attachment":[{"href":"https:\/\/puotilankartanonteatteri.fi\/index.php?rest_route=%2Fwp%2Fv2%2Fmedia&parent=305"}],"curies":[{"name":"wp","href":"https:\/\/api.w.org\/{rel}","templated":true}]}}