{"id":389,"date":"2026-03-26T13:56:38","date_gmt":"2026-03-26T13:56:38","guid":{"rendered":"https:\/\/puotilankartanonteatteri.fi\/?page_id=389"},"modified":"2026-04-23T06:34:44","modified_gmt":"2026-04-23T06:34:44","slug":"389-2","status":"publish","type":"page","link":"https:\/\/puotilankartanonteatteri.fi\/?page_id=389","title":{"rendered":"Kummipuu"},"content":{"rendered":"\n<figure class=\"wp-block-image size-full\"><img decoding=\"async\" src=\"https:\/\/puotilankartanonteatteri.fi\/wp-content\/uploads\/2026\/04\/Puu.jpg\" alt=\"\" class=\"wp-image-430\"\/><\/figure>\n\n\n\n<p>Kummipuussa n\u00e4kyv\u00e4t niiden nimet, jotka ovat tukeneet teatteria mesenaattikampanjassa. Tyhj\u00e4t hedelm\u00e4t edustavat henkil\u00f6it\u00e4, jotka eiv\u00e4t ole antaneet lupaa nimens\u00e4 julkaisuun.<\/p>\n\n\n\n<p>Haluatko sin\u00e4kin tukea teatteria? Mesenaattikampanja on k\u00e4ynniss\u00e4 31.5.2026 asti.<\/p>\n\n\n\n<div class=\"wp-block-buttons is-layout-flex wp-block-buttons-is-layout-flex\">\n<div class=\"wp-block-button\"><a class=\"wp-block-button__link wp-element-button\" href=\"https:\/\/mesenaatti.me\/4206\/_\/\">Lis\u00e4tietoa mesenaattikampanjasta<\/a><\/div>\n<\/div>\n","protected":false},"excerpt":{"rendered":"<p>Kummipuussa n\u00e4kyv\u00e4t niiden nimet, jotka ovat tukeneet teatteria mesenaattikampanjassa. Tyhj\u00e4t hedelm\u00e4t edustavat henkil\u00f6it\u00e4, jotka eiv\u00e4t ole antaneet lupaa nimens\u00e4 julkaisuun. Haluatko sin\u00e4kin tukea teatteria? Mesenaattikampanja on k\u00e4ynniss\u00e4 31.5.2026 asti.<\/p>\n","protected":false},"author":1,"featured_media":0,"parent":0,"menu_order":0,"comment_status":"closed","ping_status":"closed","template":"","meta":{"footnotes":""},"class_list":["post-389","page","type-page","status-publish","hentry"],"_links":{"self":[{"href":"https:\/\/puotilankartanonteatteri.fi\/index.php?rest_route=\/wp\/v2\/pages\/389","targetHints":{"allow":["GET"]}}],"collection":[{"href":"https:\/\/puotilankartanonteatteri.fi\/index.php?rest_route=\/wp\/v2\/pages"}],"about":[{"href":"https:\/\/puotilankartanonteatteri.fi\/index.php?rest_route=\/wp\/v2\/types\/page"}],"author":[{"embeddable":true,"href":"https:\/\/puotilankartanonteatteri.fi\/index.php?rest_route=\/wp\/v2\/users\/1"}],"replies":[{"embeddable":true,"href":"https:\/\/puotilankartanonteatteri.fi\/index.php?rest_route=%2Fwp%2Fv2%2Fcomments&post=389"}],"version-history":[{"count":6,"href":"https:\/\/puotilankartanonteatteri.fi\/index.php?rest_route=\/wp\/v2\/pages\/389\/revisions"}],"predecessor-version":[{"id":431,"href":"https:\/\/puotilankartanonteatteri.fi\/index.php?rest_route=\/wp\/v2\/pages\/389\/revisions\/431"}],"wp:attachment":[{"href":"https:\/\/puotilankartanonteatteri.fi\/index.php?rest_route=%2Fwp%2Fv2%2Fmedia&parent=389"}],"curies":[{"name":"wp","href":"https:\/\/api.w.org\/{rel}","templated":true}]}}